{"id":1269,"date":"2022-07-04T13:46:23","date_gmt":"2022-07-04T13:46:23","guid":{"rendered":"https:\/\/hascares.org\/?page_id=1269"},"modified":"2025-10-09T15:24:52","modified_gmt":"2025-10-09T15:24:52","slug":"substance-use","status":"publish","type":"page","link":"https:\/\/www.hascares.org\/es\/programs\/substance-use\/","title":{"rendered":"Uso de sustancias"},"content":{"rendered":"<div id=\"wp-block-themeisle-blocks-advanced-columns-1098b36b\" class=\"wp-block-themeisle-blocks-advanced-columns alignfull has-1-columns has-desktop-equal-layout has-tablet-equal-layout has-mobile-equal-layout has-vertical-unset has-dark-bg\"><div class=\"wp-block-themeisle-blocks-advanced-columns-overlay\"><\/div><div class=\"innerblocks-wrap\">\n<div id=\"wp-block-themeisle-blocks-advanced-column-efe19180\" class=\"wp-block-themeisle-blocks-advanced-column\">\n<div class=\"wp-block-cover is-light ticss-3e6ae55d\"><img loading=\"lazy\" decoding=\"async\" width=\"2400\" height=\"1200\" class=\"wp-block-cover__image-background wp-image-1172\" alt=\"Latinx Man\" src=\"https:\/\/hascares.org\/wp-content\/uploads\/2022\/07\/Latinx-Man-City-2-1.jpg\" style=\"object-position:80% 50%\" data-object-fit=\"cover\" data-object-position=\"80% 50%\" srcset=\"https:\/\/www.hascares.org\/wp-content\/uploads\/2022\/07\/Latinx-Man-City-2-1.jpg 2400w, https:\/\/www.hascares.org\/wp-content\/uploads\/2022\/07\/Latinx-Man-City-2-1-300x150.jpg 300w, https:\/\/www.hascares.org\/wp-content\/uploads\/2022\/07\/Latinx-Man-City-2-1-1024x512.jpg 1024w, https:\/\/www.hascares.org\/wp-content\/uploads\/2022\/07\/Latinx-Man-City-2-1-768x384.jpg 768w, https:\/\/www.hascares.org\/wp-content\/uploads\/2022\/07\/Latinx-Man-City-2-1-1536x768.jpg 1536w, https:\/\/www.hascares.org\/wp-content\/uploads\/2022\/07\/Latinx-Man-City-2-1-2048x1024.jpg 2048w, https:\/\/www.hascares.org\/wp-content\/uploads\/2022\/07\/Latinx-Man-City-2-1-18x9.jpg 18w, https:\/\/www.hascares.org\/wp-content\/uploads\/2022\/07\/Latinx-Man-City-2-1-600x300.jpg 600w\" sizes=\"auto, (max-width: 2400px) 100vw, 2400px\" \/><span aria-hidden=\"true\" class=\"wp-block-cover__background has-ast-global-color-5-background-color has-background-dim-20 has-background-dim\"><\/span><div class=\"wp-block-cover__inner-container is-layout-flow wp-block-cover-is-layout-flow\">\n<div class=\"inherit-container-width wp-block-group ticss-da980960 animated fadeIn delay-200ms slower is-layout-constrained wp-container-core-group-is-layout-111b2e00 wp-block-group-is-layout-constrained\">\n<h1 class=\"wp-block-heading has-white-color has-text-color\">Uso de sustancias<\/h1>\n\n\n\n<p class=\"is-style-intro-p has-white-color has-text-color\"><em>Nuestro enfoque hol\u00edstico para el asesoramiento, el tratamiento y la atenci\u00f3n de apoyo para el uso de sustancias ha ayudado a miles a completar su camino hacia la recuperaci\u00f3n.<\/em><\/p>\n<\/div>\n<\/div><\/div>\n<\/div>\n<\/div><\/div>\n\n\n\n<div id=\"wp-block-themeisle-blocks-advanced-columns-343d43fa\" class=\"wp-block-themeisle-blocks-advanced-columns alignfull has-1-columns has-desktop-equal-layout has-tablet-equal-layout has-mobile-equal-layout has-vertical-unset has-dark-bg\"><div class=\"wp-block-themeisle-blocks-advanced-columns-overlay\"><\/div><div class=\"innerblocks-wrap\">\n<div id=\"wp-block-themeisle-blocks-advanced-column-c3655443\" class=\"wp-block-themeisle-blocks-advanced-column\"><\/div>\n<\/div><\/div>\n\n\n\n<div id=\"wp-block-themeisle-blocks-advanced-columns-8c7b3cf5\" class=\"wp-block-themeisle-blocks-advanced-columns alignfull has-2-columns has-desktop-twoOne-layout has-tablet-twoOne-layout has-mobile-collapsedRows-layout has-vertical-top\"><div class=\"wp-block-themeisle-blocks-advanced-columns-overlay\"><\/div><div class=\"innerblocks-wrap\">\n<div id=\"wp-block-themeisle-blocks-advanced-column-796b405e\" class=\"wp-block-themeisle-blocks-advanced-column\">\n<h2 class=\"wp-block-heading animated fadeIn slow\">Eres\u2026.<\/h2>\n\n\n\n<p class=\"animated fadeInLeft slow is-style-check-p\">\u00bfUtiliza sustancias para hacer frente a los factores estresantes diarios con m\u00e1s frecuencia?<\/p>\n\n\n\n<p class=\"animated fadeInLeft slow delay-100ms is-style-check-p\">\u00bfFalta al trabajo o a la escuela con m\u00e1s frecuencia debido a su uso?<\/p>\n\n\n\n<p class=\"animated fadeInLeft slow delay-200ms is-style-check-p\">\u00bfGasta m\u00e1s dinero en entretenimiento de lo que normalmente gasta?<\/p>\n\n\n\n<div style=\"height:20px\" aria-hidden=\"true\" class=\"wp-block-spacer\"><\/div>\n\n\n\n<p>For individuals seeking recovery from alcohol and substance use disorders, our care-based team is here to help. \u00a0 We formulate the optimal treatment plan for every patient, beginning with a comprehensive <strong>biopsychosocial assessment<\/strong> para que podamos identificar las necesidades, los objetivos del tratamiento y las barreras del tratamiento.\u00a0<\/p>\n\n\n\n<p>Ofrecemos una amplia gama de <strong>tratamiento ambulatorio (OP) y ambulatorio intensivo (IOP) <\/strong>grupos para ayudar a los participantes a combatir la dependencia y el abuso de sustancias y construir una base para un futuro saludable y esperanzador.<\/p>\n\n\n\n<p class=\"is-style-no-margin\">Durante el tratamiento, los participantes trabajan en estrecha colaboraci\u00f3n con el personal para:<\/p>\n\n\n\n<ul class=\"wp-block-list\">\n<li>crear su propio tratamiento individualizado y planes de recuperaci\u00f3n<\/li>\n\n\n\n<li>aprender sobre el proceso de enfermedad de la dependencia<\/li>\n\n\n\n<li>comprender y aceptar su propia dependencia qu\u00edmica<\/li>\n\n\n\n<li>explorar estilos de vida saludables<\/li>\n<\/ul>\n\n\n\n<p>Con nuestro <strong>Recuperaci\u00f3n Asistida Medicada<\/strong>, ayudamos a los participantes adultos a superar la adicci\u00f3n a los opi\u00e1ceos proporcion\u00e1ndoles medicamentos que alivian los s\u00edntomas de abstinencia y las ansias. Esto, junto con el asesoramiento y otras formas de apoyo, los coloca en el camino hacia la recuperaci\u00f3n a largo plazo.<\/p>\n\n\n\n<p>Para los infractores de conducir bajo la influencia, nuestro <strong>programas de DUI<\/strong> promover la toma de decisiones consciente e informada, reducir la probabilidad de reincidencia y satisfacer los requisitos de las clases de DUI ordenadas por los tribunales.<\/p>\n\n\n\n<p>Proporcionamos <strong>Cuidado Continuo<\/strong> a las personas que han completado con \u00e9xito el tratamiento por abuso de sustancias y les gustar\u00eda obtener m\u00e1s apoyo para mantener un estilo de vida saludable en un entorno del mundo real. Las sesiones grupales no cl\u00ednicas se re\u00fanen una o dos veces al mes para brindar retroalimentaci\u00f3n y apoyo durante las primeras etapas de la recuperaci\u00f3n y construir una base para el \u00e9xito continuo. En nuestro <strong>Servicios de soporte de recuperaci\u00f3n<\/strong> programa, un mentor con experiencia personal en recuperaci\u00f3n guiar\u00e1 a los participantes para forjar una base s\u00f3lida de recuperaci\u00f3n y sanaci\u00f3n. A trav\u00e9s del proceso, las personas obtienen el conocimiento y los recursos para funcionar de manera independiente en entornos de la vida real.<\/p>\n<\/div>\n\n\n\n<div id=\"wp-block-themeisle-blocks-advanced-column-da700f54\" class=\"wp-block-themeisle-blocks-advanced-column program-sidebar animated fadeIn has-light-bg\">\n<h3 class=\"wp-block-heading ticss-7bffd39a has-ast-global-color-5-color has-ast-global-color-1-background-color has-text-color has-background has-small-font-size\" style=\"margin-top:0px;margin-right:0px;margin-bottom:0px;margin-left:0px;text-transform:uppercase\">M\u00e1s informaci\u00f3n \/\/ Programar una cita<\/h3>\n\n\n\n<div class=\"inherit-container-width wp-block-group has-ast-global-color-6-background-color has-background is-layout-constrained wp-container-core-group-is-layout-2ba01e34 wp-block-group-is-layout-constrained\" style=\"padding-top:20px;padding-right:20px;padding-bottom:20px;padding-left:20px\">\n<p class=\"has-text-align-center is-style-no-margin has-ast-global-color-5-color has-text-color\" style=\"font-size:24px;font-style:normal;font-weight:800\"><i class=\"fas fa-circle-phone\"><\/i> Llama hoy<\/p>\n\n\n\n<p class=\"has-text-align-center ticss-47141bba is-style-no-margin has-ast-global-color-5-color has-text-color has-large-font-size\" style=\"font-style:normal;font-weight:800\"><a href=\"tel:312-850-0050\" target=\"_blank\" rel=\"noreferrer noopener\">(312) 850-<\/a>0050<\/p>\n\n\n\n<div style=\"height:10px\" aria-hidden=\"true\" class=\"wp-block-spacer\"><\/div>\n\n\n\n<p class=\"is-style-no-margin has-ast-global-color-5-color has-text-color\">Ll\u00e1menos para programar una cita o para obtener informaci\u00f3n sobre derivaciones, evaluaciones u horarios de atenci\u00f3n.<\/p>\n<\/div>\n<\/div>\n<\/div><\/div>","protected":false},"excerpt":{"rendered":"","protected":false},"author":1,"featured_media":0,"parent":808,"menu_order":0,"comment_status":"closed","ping_status":"closed","template":"","meta":{"om_disable_all_campaigns":false,"_monsterinsights_skip_tracking":false,"_monsterinsights_sitenote_active":false,"_monsterinsights_sitenote_note":"","_monsterinsights_sitenote_category":0,"_uf_show_specific_survey":0,"_uf_disable_surveys":false,"site-sidebar-layout":"default","site-content-layout":"","ast-site-content-layout":"default","site-content-style":"default","site-sidebar-style":"default","ast-global-header-display":"","ast-banner-title-visibility":"","ast-main-header-display":"","ast-hfb-above-header-display":"","ast-hfb-below-header-display":"","ast-hfb-mobile-header-display":"","site-post-title":"disabled","ast-breadcrumbs-content":"","ast-featured-img":"","footer-sml-layout":"","theme-transparent-header-meta":"","adv-header-id-meta":"","stick-header-meta":"","header-above-stick-meta":"","header-main-stick-meta":"","header-below-stick-meta":"","astra-migrate-meta-layouts":"set","ast-page-background-enabled":"default","ast-page-background-meta":{"desktop":{"background-color":"var(--ast-global-color-4)","background-image":"","background-repeat":"repeat","background-position":"center center","background-size":"auto","background-attachment":"scroll","background-type":"","background-media":"","overlay-type":"","overlay-color":"","overlay-opacity":"","overlay-gradient":""},"tablet":{"background-color":"","background-image":"","background-repeat":"repeat","background-position":"center center","background-size":"auto","background-attachment":"scroll","background-type":"","background-media":"","overlay-type":"","overlay-color":"","overlay-opacity":"","overlay-gradient":""},"mobile":{"background-color":"","background-image":"","background-repeat":"repeat","background-position":"center center","background-size":"auto","background-attachment":"scroll","background-type":"","background-media":"","overlay-type":"","overlay-color":"","overlay-opacity":"","overlay-gradient":""}},"ast-content-background-meta":{"desktop":{"background-color":"var(--ast-global-color-5)","background-image":"","background-repeat":"repeat","background-position":"center center","background-size":"auto","background-attachment":"scroll","background-type":"","background-media":"","overlay-type":"","overlay-color":"","overlay-opacity":"","overlay-gradient":""},"tablet":{"background-color":"var(--ast-global-color-5)","background-image":"","background-repeat":"repeat","background-position":"center center","background-size":"auto","background-attachment":"scroll","background-type":"","background-media":"","overlay-type":"","overlay-color":"","overlay-opacity":"","overlay-gradient":""},"mobile":{"background-color":"var(--ast-global-color-5)","background-image":"","background-repeat":"repeat","background-position":"center center","background-size":"auto","background-attachment":"scroll","background-type":"","background-media":"","overlay-type":"","overlay-color":"","overlay-opacity":"","overlay-gradient":""}},"_themeisle_gutenberg_block_has_review":false,"footnotes":""},"class_list":["post-1269","page","type-page","status-publish","hentry"],"acf":[],"aioseo_notices":[],"_links":{"self":[{"href":"https:\/\/www.hascares.org\/es\/wp-json\/wp\/v2\/pages\/1269","targetHints":{"allow":["GET"]}}],"collection":[{"href":"https:\/\/www.hascares.org\/es\/wp-json\/wp\/v2\/pages"}],"about":[{"href":"https:\/\/www.hascares.org\/es\/wp-json\/wp\/v2\/types\/page"}],"author":[{"embeddable":true,"href":"https:\/\/www.hascares.org\/es\/wp-json\/wp\/v2\/users\/1"}],"replies":[{"embeddable":true,"href":"https:\/\/www.hascares.org\/es\/wp-json\/wp\/v2\/comments?post=1269"}],"version-history":[{"count":10,"href":"https:\/\/www.hascares.org\/es\/wp-json\/wp\/v2\/pages\/1269\/revisions"}],"predecessor-version":[{"id":2674,"href":"https:\/\/www.hascares.org\/es\/wp-json\/wp\/v2\/pages\/1269\/revisions\/2674"}],"up":[{"embeddable":true,"href":"https:\/\/www.hascares.org\/es\/wp-json\/wp\/v2\/pages\/808"}],"wp:attachment":[{"href":"https:\/\/www.hascares.org\/es\/wp-json\/wp\/v2\/media?parent=1269"}],"curies":[{"name":"wp","href":"https:\/\/api.w.org\/{rel}","templated":true}]}}